{"id":351,"date":"2024-01-25T10:03:29","date_gmt":"2024-01-25T09:03:29","guid":{"rendered":"https:\/\/icecube.se\/cart\/"},"modified":"2024-03-21T09:09:44","modified_gmt":"2024-03-21T08:09:44","slug":"cart","status":"publish","type":"page","link":"https:\/\/icecube.se\/en\/cart\/","title":{"rendered":"Cart"},"content":{"rendered":"\n<div data-block-name=\"woocommerce\/cart\" class=\"wp-block-woocommerce-cart alignwide is-loading\">\n<div data-block-name=\"woocommerce\/filled-cart-block\" class=\"wp-block-woocommerce-filled-cart-block\">\n<div data-block-name=\"woocommerce\/cart-items-block\" class=\"wp-block-woocommerce-cart-items-block\">\n<div data-block-name=\"woocommerce\/cart-line-items-block\" class=\"wp-block-woocommerce-cart-line-items-block\"><\/div>\n\n\n\n<div data-block-name=\"woocommerce\/cart-cross-sells-block\" class=\"wp-block-woocommerce-cart-cross-sells-block\">\n<h2 class=\"wp-block-heading has-large-font-size\">Du kanske \u00e4r intresserad av \u2026<\/h2>\n\n\n\n<div data-block-name=\"woocommerce\/cart-cross-sells-products-block\" class=\"wp-block-woocommerce-cart-cross-sells-products-block\"><\/div>\n<\/div>\n<\/div>\n\n\n\n<div data-block-name=\"woocommerce\/cart-totals-block\" class=\"wp-block-woocommerce-cart-totals-block\">\n<div data-block-name=\"woocommerce\/cart-order-summary-block\" class=\"wp-block-woocommerce-cart-order-summary-block\">\n<div data-block-name=\"woocommerce\/cart-order-summary-heading-block\" class=\"wp-block-woocommerce-cart-order-summary-heading-block\"><\/div><div data-block-name=\"woocommerce\/cart-order-summary-coupon-form-block\" class=\"wp-block-woocommerce-cart-order-summary-coupon-form-block\"><\/div><div data-block-name=\"woocommerce\/cart-order-summary-totals-block\" class=\"wp-block-woocommerce-cart-order-summary-totals-block\">\n<div data-block-name=\"woocommerce\/cart-order-summary-subtotal-block\" class=\"wp-block-woocommerce-cart-order-summary-subtotal-block\"><\/div>\n<div data-block-name=\"woocommerce\/cart-order-summary-discount-block\" class=\"wp-block-woocommerce-cart-order-summary-discount-block\"><\/div>\n<div data-block-name=\"woocommerce\/cart-order-summary-fee-block\" class=\"wp-block-woocommerce-cart-order-summary-fee-block\"><\/div>\n<div data-block-name=\"woocommerce\/cart-order-summary-shipping-block\" class=\"wp-block-woocommerce-cart-order-summary-shipping-block\"><\/div>\n<div data-block-name=\"woocommerce\/cart-order-summary-taxes-block\" class=\"wp-block-woocommerce-cart-order-summary-taxes-block\"><\/div><\/div>\n<\/div>\n\n\n\n<div data-block-name=\"woocommerce\/cart-express-payment-block\" class=\"wp-block-woocommerce-cart-express-payment-block\"><\/div>\n\n\n\n<div data-block-name=\"woocommerce\/proceed-to-checkout-block\" class=\"wp-block-woocommerce-proceed-to-checkout-block\"><\/div>\n\n\n\n<div data-block-name=\"woocommerce\/cart-accepted-payment-methods-block\" class=\"wp-block-woocommerce-cart-accepted-payment-methods-block\"><\/div>\n<\/div>\n<\/div>\n\n\n\n<div data-block-name=\"woocommerce\/empty-cart-block\" class=\"wp-block-woocommerce-empty-cart-block\">\n<h2 class=\"wp-block-heading has-text-align-center with-empty-cart-icon wc-block-cart__empty-cart__title\">Din varukorg \u00e4r f\u00f6r n\u00e4rvarande tom!<\/h2>\n\n\n\n<hr class=\"wp-block-separator has-alpha-channel-opacity is-style-dots\"\/>\n\n\n\n<h2 class=\"wp-block-heading has-text-align-center\">Nytt i butik<\/h2>\n\n\n<div data-block-name=\"woocommerce\/product-new\" data-columns=\"4\" data-rows=\"1\" class=\"wc-block-grid wp-block-product-new wp-block-woocommerce-product-new wc-block-product-new has-4-columns\"><ul class=\"wc-block-grid__products\"><li class=\"wc-block-grid__product\">\n\t\t\t\t<a href=\"https:\/\/icecube.se\/en\/product\/ice-cube-of-sweden-8st-bitar\/\" class=\"wc-block-grid__product-link\">\n\t\t\t\t\t\n\t\t\t\t\t<div class=\"wc-block-grid__product-image\"><img loading=\"lazy\" decoding=\"async\" width=\"300\" height=\"300\" src=\"https:\/\/icecube.se\/wp-content\/uploads\/2023\/12\/pasar-head_centralbadet-300x300.jpg\" class=\"attachment-woocommerce_thumbnail size-woocommerce_thumbnail\" alt=\"Ice Cube of Sweden\" srcset=\"https:\/\/icecube.se\/wp-content\/uploads\/2023\/12\/pasar-head_centralbadet-300x300.jpg 300w, https:\/\/icecube.se\/wp-content\/uploads\/2023\/12\/pasar-head_centralbadet-100x100.jpg 100w, https:\/\/icecube.se\/wp-content\/uploads\/2023\/12\/pasar-head_centralbadet-150x150.jpg 150w\" sizes=\"auto, (max-width: 300px) 100vw, 300px\" \/><\/div>\n\t\t\t\t\t<div class=\"wc-block-grid__product-title\">Ice Cube of Sweden<\/div>\n\t\t\t\t<\/a>\n\t\t\t\t<div class=\"wc-block-grid__product-price price\"><span class=\"woocommerce-Price-amount amount\">129&nbsp;<span class=\"woocommerce-Price-currencySymbol\">&#107;&#114;<\/span><\/span><\/div>\n\t\t\t\t\n\t\t\t\t<div class=\"wp-block-button wc-block-grid__product-add-to-cart\"><a href=\"\/en\/wp-json\/wp\/v2\/pages\/351?add-to-cart=354\" aria-label=\"Add to cart: &ldquo;Ice Cube of Sweden&rdquo;\" data-quantity=\"1\" data-product_id=\"354\" data-product_sku=\"ice-cube-8-bitar\" data-price=\"129\" rel=\"nofollow\" class=\"wp-block-button__link  add_to_cart_button ajax_add_to_cart\">Add to cart<\/a><\/div>\n\t\t\t<\/li><\/ul><\/div><\/div>\n<\/div>\n","protected":false},"excerpt":{"rendered":"","protected":false},"author":1,"featured_media":0,"parent":0,"menu_order":0,"comment_status":"closed","ping_status":"closed","template":"","meta":{"footnotes":""},"class_list":["post-351","page","type-page","status-publish"],"yoast_head":"<!-- This site is optimized with the Yoast SEO plugin v27.4 - https:\/\/yoast.com\/product\/yoast-seo-wordpress\/ -->\n<title>Cart - ICE CUBE OF SWEDEN<\/title>\n<meta name=\"robots\" content=\"index, follow, max-snippet:-1, max-image-preview:large, max-video-preview:-1\" \/>\n<link rel=\"canonical\" href=\"https:\/\/icecube.se\/en\/cart\/\" \/>\n<meta property=\"og:locale\" content=\"en_US\" \/>\n<meta property=\"og:type\" content=\"article\" \/>\n<meta property=\"og:title\" content=\"Cart - ICE CUBE OF SWEDEN\" \/>\n<meta property=\"og:url\" content=\"https:\/\/icecube.se\/en\/cart\/\" \/>\n<meta property=\"og:site_name\" content=\"ICE CUBE OF SWEDEN\" \/>\n<meta property=\"article:modified_time\" content=\"2024-03-21T08:09:44+00:00\" \/>\n<meta name=\"twitter:card\" content=\"summary_large_image\" \/>\n<script type=\"application\/ld+json\" class=\"yoast-schema-graph\">{\"@context\":\"https:\\\/\\\/schema.org\",\"@graph\":[{\"@type\":\"WebPage\",\"@id\":\"https:\\\/\\\/icecube.se\\\/en\\\/cart\\\/\",\"url\":\"https:\\\/\\\/icecube.se\\\/en\\\/cart\\\/\",\"name\":\"Cart - ICE CUBE OF SWEDEN\",\"isPartOf\":{\"@id\":\"https:\\\/\\\/icecube.se\\\/#website\"},\"datePublished\":\"2024-01-25T09:03:29+00:00\",\"dateModified\":\"2024-03-21T08:09:44+00:00\",\"breadcrumb\":{\"@id\":\"https:\\\/\\\/icecube.se\\\/en\\\/cart\\\/#breadcrumb\"},\"inLanguage\":\"en-US\",\"potentialAction\":[{\"@type\":\"ReadAction\",\"target\":[\"https:\\\/\\\/icecube.se\\\/en\\\/cart\\\/\"]}]},{\"@type\":\"BreadcrumbList\",\"@id\":\"https:\\\/\\\/icecube.se\\\/en\\\/cart\\\/#breadcrumb\",\"itemListElement\":[{\"@type\":\"ListItem\",\"position\":1,\"name\":\"Hem\",\"item\":\"https:\\\/\\\/icecube.se\\\/en\\\/\"},{\"@type\":\"ListItem\",\"position\":2,\"name\":\"Cart\"}]},{\"@type\":\"WebSite\",\"@id\":\"https:\\\/\\\/icecube.se\\\/#website\",\"url\":\"https:\\\/\\\/icecube.se\\\/\",\"name\":\"ICE CUBE OF SWEDEN\",\"description\":\"\",\"publisher\":{\"@id\":\"https:\\\/\\\/icecube.se\\\/#organization\"},\"potentialAction\":[{\"@type\":\"SearchAction\",\"target\":{\"@type\":\"EntryPoint\",\"urlTemplate\":\"https:\\\/\\\/icecube.se\\\/?s={search_term_string}\"},\"query-input\":{\"@type\":\"PropertyValueSpecification\",\"valueRequired\":true,\"valueName\":\"search_term_string\"}}],\"inLanguage\":\"en-US\"},{\"@type\":\"Organization\",\"@id\":\"https:\\\/\\\/icecube.se\\\/#organization\",\"name\":\"ICE CUBE OF SWEDEN\",\"url\":\"https:\\\/\\\/icecube.se\\\/\",\"logo\":{\"@type\":\"ImageObject\",\"inLanguage\":\"en-US\",\"@id\":\"https:\\\/\\\/icecube.se\\\/#\\\/schema\\\/logo\\\/image\\\/\",\"url\":\"https:\\\/\\\/icecube.se\\\/wp-content\\\/uploads\\\/2023\\\/12\\\/icos_logo.png\",\"contentUrl\":\"https:\\\/\\\/icecube.se\\\/wp-content\\\/uploads\\\/2023\\\/12\\\/icos_logo.png\",\"width\":288,\"height\":24,\"caption\":\"ICE CUBE OF SWEDEN\"},\"image\":{\"@id\":\"https:\\\/\\\/icecube.se\\\/#\\\/schema\\\/logo\\\/image\\\/\"}}]}<\/script>\n<!-- \/ Yoast SEO plugin. -->","yoast_head_json":{"title":"Cart - ICE CUBE OF SWEDEN","robots":{"index":"index","follow":"follow","max-snippet":"max-snippet:-1","max-image-preview":"max-image-preview:large","max-video-preview":"max-video-preview:-1"},"canonical":"https:\/\/icecube.se\/en\/cart\/","og_locale":"en_US","og_type":"article","og_title":"Cart - ICE CUBE OF SWEDEN","og_url":"https:\/\/icecube.se\/en\/cart\/","og_site_name":"ICE CUBE OF SWEDEN","article_modified_time":"2024-03-21T08:09:44+00:00","twitter_card":"summary_large_image","schema":{"@context":"https:\/\/schema.org","@graph":[{"@type":"WebPage","@id":"https:\/\/icecube.se\/en\/cart\/","url":"https:\/\/icecube.se\/en\/cart\/","name":"Cart - ICE CUBE OF SWEDEN","isPartOf":{"@id":"https:\/\/icecube.se\/#website"},"datePublished":"2024-01-25T09:03:29+00:00","dateModified":"2024-03-21T08:09:44+00:00","breadcrumb":{"@id":"https:\/\/icecube.se\/en\/cart\/#breadcrumb"},"inLanguage":"en-US","potentialAction":[{"@type":"ReadAction","target":["https:\/\/icecube.se\/en\/cart\/"]}]},{"@type":"BreadcrumbList","@id":"https:\/\/icecube.se\/en\/cart\/#breadcrumb","itemListElement":[{"@type":"ListItem","position":1,"name":"Hem","item":"https:\/\/icecube.se\/en\/"},{"@type":"ListItem","position":2,"name":"Cart"}]},{"@type":"WebSite","@id":"https:\/\/icecube.se\/#website","url":"https:\/\/icecube.se\/","name":"ICE CUBE OF SWEDEN","description":"","publisher":{"@id":"https:\/\/icecube.se\/#organization"},"potentialAction":[{"@type":"SearchAction","target":{"@type":"EntryPoint","urlTemplate":"https:\/\/icecube.se\/?s={search_term_string}"},"query-input":{"@type":"PropertyValueSpecification","valueRequired":true,"valueName":"search_term_string"}}],"inLanguage":"en-US"},{"@type":"Organization","@id":"https:\/\/icecube.se\/#organization","name":"ICE CUBE OF SWEDEN","url":"https:\/\/icecube.se\/","logo":{"@type":"ImageObject","inLanguage":"en-US","@id":"https:\/\/icecube.se\/#\/schema\/logo\/image\/","url":"https:\/\/icecube.se\/wp-content\/uploads\/2023\/12\/icos_logo.png","contentUrl":"https:\/\/icecube.se\/wp-content\/uploads\/2023\/12\/icos_logo.png","width":288,"height":24,"caption":"ICE CUBE OF SWEDEN"},"image":{"@id":"https:\/\/icecube.se\/#\/schema\/logo\/image\/"}}]}},"_links":{"self":[{"href":"https:\/\/icecube.se\/en\/wp-json\/wp\/v2\/pages\/351","targetHints":{"allow":["GET"]}}],"collection":[{"href":"https:\/\/icecube.se\/en\/wp-json\/wp\/v2\/pages"}],"about":[{"href":"https:\/\/icecube.se\/en\/wp-json\/wp\/v2\/types\/page"}],"author":[{"embeddable":true,"href":"https:\/\/icecube.se\/en\/wp-json\/wp\/v2\/users\/1"}],"replies":[{"embeddable":true,"href":"https:\/\/icecube.se\/en\/wp-json\/wp\/v2\/comments?post=351"}],"version-history":[{"count":0,"href":"https:\/\/icecube.se\/en\/wp-json\/wp\/v2\/pages\/351\/revisions"}],"wp:attachment":[{"href":"https:\/\/icecube.se\/en\/wp-json\/wp\/v2\/media?parent=351"}],"curies":[{"name":"wp","href":"https:\/\/api.w.org\/{rel}","templated":true}]}}